{"id":6,"date":"2024-01-27T17:19:09","date_gmt":"2024-01-27T16:19:09","guid":{"rendered":"https:\/\/mademoisellechablis.fr\/?page_id=6"},"modified":"2024-01-27T17:22:56","modified_gmt":"2024-01-27T16:22:56","slug":"bienvenue-sur-le-site-mademoiselle-chablis","status":"publish","type":"page","link":"https:\/\/mademoisellechablis.fr\/index.php\/bienvenue-sur-le-site-mademoiselle-chablis\/","title":{"rendered":"Bienvenue sur le site Mademoiselle Chablis"},"content":{"rendered":"\n<p><\/p>\n\n\n\n<p>Caviste \u00e0 domicile <\/p>\n\n\n\n<p>Cours d\u2019\u0153nologie <\/p>\n\n\n\n<p>\u00c9v\u00e9nementiel <\/p>\n\n\n\n<figure class=\"wp-block-image size-large\"><img loading=\"lazy\" decoding=\"async\" width=\"268\" height=\"300\" src=\"https:\/\/mademoisellechablis.fr\/wp-content\/uploads\/2024\/01\/image-268x300.jpg\" class=\"wp-image-5\" srcset=\"https:\/\/mademoisellechablis.fr\/wp-content\/uploads\/2024\/01\/image-268x300.jpg 268w, https:\/\/mademoisellechablis.fr\/wp-content\/uploads\/2024\/01\/image.jpg 570w\" sizes=\"auto, (max-width: 268px) 100vw, 268px\" \/><\/figure>\n","protected":false},"excerpt":{"rendered":"<p>Caviste \u00e0 domicile Cours d\u2019\u0153nologie \u00c9v\u00e9nementiel<\/p>\n","protected":false},"author":1,"featured_media":0,"parent":0,"menu_order":0,"comment_status":"closed","ping_status":"closed","template":"","meta":{"footnotes":""},"class_list":["post-6","page","type-page","status-publish","hentry"],"_links":{"self":[{"href":"https:\/\/mademoisellechablis.fr\/index.php\/wp-json\/wp\/v2\/pages\/6","targetHints":{"allow":["GET"]}}],"collection":[{"href":"https:\/\/mademoisellechablis.fr\/index.php\/wp-json\/wp\/v2\/pages"}],"about":[{"href":"https:\/\/mademoisellechablis.fr\/index.php\/wp-json\/wp\/v2\/types\/page"}],"author":[{"embeddable":true,"href":"https:\/\/mademoisellechablis.fr\/index.php\/wp-json\/wp\/v2\/users\/1"}],"replies":[{"embeddable":true,"href":"https:\/\/mademoisellechablis.fr\/index.php\/wp-json\/wp\/v2\/comments?post=6"}],"version-history":[{"count":1,"href":"https:\/\/mademoisellechablis.fr\/index.php\/wp-json\/wp\/v2\/pages\/6\/revisions"}],"predecessor-version":[{"id":7,"href":"https:\/\/mademoisellechablis.fr\/index.php\/wp-json\/wp\/v2\/pages\/6\/revisions\/7"}],"wp:attachment":[{"href":"https:\/\/mademoisellechablis.fr\/index.php\/wp-json\/wp\/v2\/media?parent=6"}],"curies":[{"name":"wp","href":"https:\/\/api.w.org\/{rel}","templated":true}]}}